{"id":17,"date":"2026-03-16T11:55:27","date_gmt":"2026-03-16T14:55:27","guid":{"rendered":"https:\/\/lp.agenciaclasse.com.br\/hello\/minha-conta\/"},"modified":"2026-03-24T18:22:11","modified_gmt":"2026-03-24T21:22:11","slug":"minha-conta","status":"publish","type":"page","link":"https:\/\/lp.agenciaclasse.com.br\/hello\/minha-conta\/","title":{"rendered":"Minha conta"},"content":{"rendered":"\t\t<div data-elementor-type=\"wp-page\" data-elementor-id=\"17\" class=\"elementor elementor-17\" data-elementor-post-type=\"page\">\n\t\t\t\t<div class=\"elementor-element elementor-element-8bd07ab e-flex e-con-boxed e-con e-parent\" data-id=\"8bd07ab\" data-element_type=\"container\" data-e-type=\"container\" data-settings=\"{&quot;background_background&quot;:&quot;classic&quot;}\">\n\t\t\t\t\t<div class=\"e-con-inner\">\n\t\t\t\t<div class=\"elementor-element elementor-element-7c893e2 elementor-widget elementor-widget-heading\" data-id=\"7c893e2\" data-element_type=\"widget\" data-e-type=\"widget\" data-widget_type=\"heading.default\">\n\t\t\t\t\t<h1 class=\"elementor-heading-title elementor-size-default\">Minha conta<\/h1>\t\t\t\t<\/div>\n\t\t\t\t<div class=\"elementor-element elementor-element-7f72b6d elementor-widget elementor-widget-woocommerce-breadcrumb\" data-id=\"7f72b6d\" data-element_type=\"widget\" data-e-type=\"widget\" data-widget_type=\"woocommerce-breadcrumb.default\">\n\t\t\t\t\t<nav class=\"woocommerce-breadcrumb\" aria-label=\"Breadcrumb\">In\u00edcio<\/nav>\t\t\t\t<\/div>\n\t\t\t\t\t<\/div>\n\t\t\t\t<\/div>\n\t\t<div class=\"elementor-element elementor-element-527cb1b e-flex e-con-boxed e-con e-parent\" data-id=\"527cb1b\" data-element_type=\"container\" data-e-type=\"container\">\n\t\t\t\t\t<div class=\"e-con-inner\">\n\t\t\t\t<div class=\"elementor-element elementor-element-3064ce7 elementor-widget elementor-widget-heading\" data-id=\"3064ce7\" data-element_type=\"widget\" data-e-type=\"widget\" data-widget_type=\"heading.default\">\n\t\t\t\t\t<h2 class=\"elementor-heading-title elementor-size-default\">Fa\u00e7a login ou Cadastre<\/h2>\t\t\t\t<\/div>\n\t\t\t\t<div class=\"elementor-element elementor-element-a3f4ea9 e-my-account-tabs-horizontal elementor-widget elementor-widget-woocommerce-my-account\" data-id=\"a3f4ea9\" data-element_type=\"widget\" data-e-type=\"widget\" data-widget_type=\"woocommerce-my-account.default\">\n\t\t\t\t\t<div class=\"e-my-account-tab e-my-account-tab__ \">\t\t\t<div class=\"woocommerce\"><\/div>\t\t<\/div>\n\t\t\t\t\t\t<\/div>\n\t\t\t\t\t<\/div>\n\t\t\t\t<\/div>\n\t\t\t\t<\/div>\n\t\t","protected":false},"excerpt":{"rendered":"<p>Fa\u00e7a login ou Cadastre Dashboard Pedidos Endere\u00e7o Conta Sair Dashboard Pedidos Endere\u00e7o Conta Sair Ol\u00e1, andrew (n\u00e3o \u00e9 andrew? Sair) A partir do painel de controle de sua conta, voc\u00ea pode ver suas compras recentes, gerenciar seus endere\u00e7os de entrega e cobran\u00e7a, e editar sua senha e detalhes da conta. Dashboard Pedidos Endere\u00e7o Conta Sair [&hellip;]<\/p>\n","protected":false},"author":1,"featured_media":0,"parent":0,"menu_order":0,"comment_status":"closed","ping_status":"closed","template":"","meta":{"_joinchat":[],"footnotes":""},"class_list":["post-17","page","type-page","status-publish","hentry"],"_links":{"self":[{"href":"https:\/\/lp.agenciaclasse.com.br\/hello\/wp-json\/wp\/v2\/pages\/17","targetHints":{"allow":["GET"]}}],"collection":[{"href":"https:\/\/lp.agenciaclasse.com.br\/hello\/wp-json\/wp\/v2\/pages"}],"about":[{"href":"https:\/\/lp.agenciaclasse.com.br\/hello\/wp-json\/wp\/v2\/types\/page"}],"author":[{"embeddable":true,"href":"https:\/\/lp.agenciaclasse.com.br\/hello\/wp-json\/wp\/v2\/users\/1"}],"replies":[{"embeddable":true,"href":"https:\/\/lp.agenciaclasse.com.br\/hello\/wp-json\/wp\/v2\/comments?post=17"}],"version-history":[{"count":27,"href":"https:\/\/lp.agenciaclasse.com.br\/hello\/wp-json\/wp\/v2\/pages\/17\/revisions"}],"predecessor-version":[{"id":294,"href":"https:\/\/lp.agenciaclasse.com.br\/hello\/wp-json\/wp\/v2\/pages\/17\/revisions\/294"}],"wp:attachment":[{"href":"https:\/\/lp.agenciaclasse.com.br\/hello\/wp-json\/wp\/v2\/media?parent=17"}],"curies":[{"name":"wp","href":"https:\/\/api.w.org\/{rel}","templated":true}]}}